{"id":13,"date":"2018-11-19T18:34:43","date_gmt":"2018-11-19T18:34:43","guid":{"rendered":"http:\/\/reinhard-doberenz.de\/?page_id=13"},"modified":"2022-06-15T14:43:24","modified_gmt":"2022-06-15T14:43:24","slug":"familienrecht","status":"publish","type":"page","link":"http:\/\/reinhard-doberenz.de\/?page_id=13","title":{"rendered":"Familienrecht"},"content":{"rendered":"<p class=\"bodytext\"><span style=\"font-size: 18pt;\">Die Aufgaben von Sachverst\u00e4ndigen im Familienrecht sind vielf\u00e4ltig und tangieren vor allem sorge- und umgangsrechtliche Fragestellungen. H\u00e4ufig wendet sich das Gericht an einen Gutachter, wenn Eltern nach einer Trennung oder Scheidung \u00fcber den Lebensmittelpunkt oder das Betreuungsmodell des Kindes keine Einigung finden k\u00f6nnen und dies gerichtlich geregelt werden mu\u00df. Auch f\u00fcr die Frage, wie ein Umgang kindeswohldienlich zu gestalten ist, kann die Zuarbeit von Sachverst\u00e4ndigen notwendig sein. Bestehen Zweifel daran, ob \u00a0Eltern erziehungsf\u00e4hig sind und ein Kind im famili\u00e4ren Haushalt in seinem Wohl gef\u00e4hrdet ist, werden ebenfalls oft Sachverst\u00e4ndige hinzugezogen. Sofern durch die Fragestelllung angezeigt, werden in unserer Praxis auch l\u00f6sungsorientierte Ans\u00e4tze verfolgt. <\/span><\/p>\n\n\n<figure class=\"wp-block-image size-column1-1\/4 wp-duotone-333-ccc-1\"><img loading=\"lazy\" decoding=\"async\" width=\"500\" height=\"285\" src=\"http:\/\/reinhard-doberenz.de\/wp-content\/uploads\/2022\/06\/96d02b4d797e2aecd4e4a526d6e13ac8_w500_h300_cp-500x285.jpg\" alt=\"\" class=\"wp-image-314\"\/><\/figure>\n","protected":false},"excerpt":{"rendered":"<p>Die Aufgaben von Sachverst\u00e4ndigen im Familienrecht sind vielf\u00e4ltig und tangieren vor allem sorge- und umgangsrechtliche Fragestellungen. H\u00e4ufig wendet sich das Gericht an einen Gutachter, wenn Eltern nach einer Trennung oder Scheidung \u00fcber den Lebensmittelpunkt oder das Betreuungsmodell des Kindes keine Einigung finden k\u00f6nnen und dies gerichtlich geregelt werden mu\u00df. Auch f\u00fcr die Frage, wie ein [&hellip;]<\/p>\n","protected":false},"author":1,"featured_media":0,"parent":0,"menu_order":0,"comment_status":"closed","ping_status":"closed","template":"","meta":{"footnotes":""},"class_list":["post-13","page","type-page","status-publish","hentry"],"_links":{"self":[{"href":"http:\/\/reinhard-doberenz.de\/index.php?rest_route=\/wp\/v2\/pages\/13","targetHints":{"allow":["GET"]}}],"collection":[{"href":"http:\/\/reinhard-doberenz.de\/index.php?rest_route=\/wp\/v2\/pages"}],"about":[{"href":"http:\/\/reinhard-doberenz.de\/index.php?rest_route=\/wp\/v2\/types\/page"}],"author":[{"embeddable":true,"href":"http:\/\/reinhard-doberenz.de\/index.php?rest_route=\/wp\/v2\/users\/1"}],"replies":[{"embeddable":true,"href":"http:\/\/reinhard-doberenz.de\/index.php?rest_route=%2Fwp%2Fv2%2Fcomments&post=13"}],"version-history":[{"count":6,"href":"http:\/\/reinhard-doberenz.de\/index.php?rest_route=\/wp\/v2\/pages\/13\/revisions"}],"predecessor-version":[{"id":334,"href":"http:\/\/reinhard-doberenz.de\/index.php?rest_route=\/wp\/v2\/pages\/13\/revisions\/334"}],"wp:attachment":[{"href":"http:\/\/reinhard-doberenz.de\/index.php?rest_route=%2Fwp%2Fv2%2Fmedia&parent=13"}],"curies":[{"name":"wp","href":"https:\/\/api.w.org\/{rel}","templated":true}]}}