{"id":7,"date":"2018-11-19T18:39:24","date_gmt":"2018-11-19T18:39:24","guid":{"rendered":"http:\/\/reinhard-doberenz.de\/?page_id=7"},"modified":"2022-06-13T14:23:59","modified_gmt":"2022-06-13T14:23:59","slug":"leistungsspektrum","status":"publish","type":"page","link":"http:\/\/reinhard-doberenz.de\/?page_id=7","title":{"rendered":"Leistungsspektrum"},"content":{"rendered":"<h1>Die Rostocker Praxis f\u00fcr Rechtspsychologie erstellt Sachverst\u00e4ndigengutachten zu folgenden Themen:<\/h1>\n<ul>\n<li>\n<h2>Aussagepsychologie (Doberenz und\u00a0 Lembcke)\u00a0 <\/h2>\n<\/li>\n<li>\n<h2>Schuldf\u00e4higkeit im Strafverfahren (Doberenz und Thomas) <\/h2>\n<\/li>\n<li>\n<h2>Zur Frage der bedingten Entlassung aus Regel- und Ma\u00dfregelvollzug (Doberenz, Thomas und Lembcke) <\/h2>\n<\/li>\n<li>\n<h2>Familienrecht (Thomas und Lembcke) <\/h2>\n<\/li>\n<li>\n<h2>Waffenrecht (Thomas) <\/h2>\n<\/li>\n<li>\n<h2>Gesch\u00e4ftsf\u00e4higkeit (Doberenz und Thomas) <\/h2>\n<\/li>\n<li>\n<h2>Methodenkritische Stellungnahmen <\/h2>\n<\/li>\n<\/ul>\n\n\n<div class=\"wp-block-cover is-light is-repeated\" style=\"background-image:url(http:\/\/reinhard-doberenz.de\/wp-content\/uploads\/2022\/06\/IMG_1467-768x1024.jpg)\"><span aria-hidden=\"true\" class=\"wp-block-cover__background has-white-background-color has-background-dim-30 has-background-dim\"><\/span><div class=\"wp-block-cover__inner-container is-layout-flow wp-block-cover-is-layout-flow\">\n<p class=\"has-text-align-center has-large-font-size\"><\/p>\n<\/div><\/div>\n","protected":false},"excerpt":{"rendered":"<p>Die Rostocker Praxis f\u00fcr Rechtspsychologie erstellt Sachverst\u00e4ndigengutachten zu folgenden Themen: Aussagepsychologie (Doberenz und\u00a0 Lembcke)\u00a0 Schuldf\u00e4higkeit im Strafverfahren (Doberenz und Thomas) Zur Frage der bedingten Entlassung aus Regel- und Ma\u00dfregelvollzug (Doberenz, Thomas und Lembcke) Familienrecht (Thomas und Lembcke) Waffenrecht (Thomas) Gesch\u00e4ftsf\u00e4higkeit (Doberenz und Thomas) Methodenkritische Stellungnahmen<\/p>\n","protected":false},"author":1,"featured_media":0,"parent":0,"menu_order":0,"comment_status":"closed","ping_status":"closed","template":"","meta":{"footnotes":""},"class_list":["post-7","page","type-page","status-publish","hentry"],"_links":{"self":[{"href":"http:\/\/reinhard-doberenz.de\/index.php?rest_route=\/wp\/v2\/pages\/7","targetHints":{"allow":["GET"]}}],"collection":[{"href":"http:\/\/reinhard-doberenz.de\/index.php?rest_route=\/wp\/v2\/pages"}],"about":[{"href":"http:\/\/reinhard-doberenz.de\/index.php?rest_route=\/wp\/v2\/types\/page"}],"author":[{"embeddable":true,"href":"http:\/\/reinhard-doberenz.de\/index.php?rest_route=\/wp\/v2\/users\/1"}],"replies":[{"embeddable":true,"href":"http:\/\/reinhard-doberenz.de\/index.php?rest_route=%2Fwp%2Fv2%2Fcomments&post=7"}],"version-history":[{"count":8,"href":"http:\/\/reinhard-doberenz.de\/index.php?rest_route=\/wp\/v2\/pages\/7\/revisions"}],"predecessor-version":[{"id":306,"href":"http:\/\/reinhard-doberenz.de\/index.php?rest_route=\/wp\/v2\/pages\/7\/revisions\/306"}],"wp:attachment":[{"href":"http:\/\/reinhard-doberenz.de\/index.php?rest_route=%2Fwp%2Fv2%2Fmedia&parent=7"}],"curies":[{"name":"wp","href":"https:\/\/api.w.org\/{rel}","templated":true}]}}